{"id":3808,"date":"2024-06-25T08:15:45","date_gmt":"2024-06-25T06:15:45","guid":{"rendered":"https:\/\/hotel-admiral.de\/impressum\/"},"modified":"2025-12-20T18:48:13","modified_gmt":"2025-12-20T17:48:13","slug":"legal-notice","status":"publish","type":"page","link":"https:\/\/hotel-admiral.de\/en\/legal-notice\/","title":{"rendered":"Legal notice"},"content":{"rendered":"<div id='av_section_1'  class='avia-section av-1ogkjtk-c84d9d2f367b98c6d33c50aa106af17b main_color avia-section-large avia-no-border-styling  avia-builder-el-0  el_before_av_section  avia-builder-el-first  avia-bg-style-scroll container_wrap fullsize'  ><div class='container av-section-cont-open' ><main  role=\"main\" itemprop=\"mainContentOfPage\"  class='template-page content  av-content-full alpha units'><div class='post-entry post-entry-type-page post-entry-3808'><div class='entry-content-wrapper clearfix'>\n\n<style type=\"text\/css\" data-created_by=\"avia_inline_auto\" id=\"style-css-av-1mdbse0-e0a7a5b3023718a77d8665b38850fd7b\">\n.flex_column.av-1mdbse0-e0a7a5b3023718a77d8665b38850fd7b{\nborder-radius:0px 0px 0px 0px;\npadding:0px 0px 0px 0px;\n}\n<\/style>\n<div  class='flex_column av-1mdbse0-e0a7a5b3023718a77d8665b38850fd7b av_three_fourth  avia-builder-el-1  el_before_av_one_fourth  avia-builder-el-first  first flex_column_div av-zero-column-padding  '     ><p>\n<style type=\"text\/css\" data-created_by=\"avia_inline_auto\" id=\"style-css-av-1ldos48-efe3bf821eb4354ec3878d06ed9c48d2\">\n#top .av-special-heading.av-1ldos48-efe3bf821eb4354ec3878d06ed9c48d2{\npadding-bottom:5px;\n}\nbody .av-special-heading.av-1ldos48-efe3bf821eb4354ec3878d06ed9c48d2 .av-special-heading-tag .heading-char{\nfont-size:25px;\n}\n.av-special-heading.av-1ldos48-efe3bf821eb4354ec3878d06ed9c48d2 .av-subheading{\nfont-size:10px;\n}\n<\/style>\n<div  class='av-special-heading av-1ldos48-efe3bf821eb4354ec3878d06ed9c48d2 av-special-heading-h2 blockquote modern-quote  avia-builder-el-2  el_before_av_hr  avia-builder-el-first  av-linked-heading'><h2 class='av-special-heading-tag '  itemprop=\"headline\"  >Legal Notice<\/h2><div class='av-subheading av-subheading_below'><p>Hotel Admiral \u00b7 Munich<\/p>\n<\/div><div class=\"special-heading-border\"><div class=\"special-heading-inner-border\"><\/div><\/div><\/div><br \/>\n\n<style type=\"text\/css\" data-created_by=\"avia_inline_auto\" id=\"style-css-av-lyldmgsl-8ac552c7ecb106396ab43d4d8136886f\">\n#top .hr.hr-invisible.av-lyldmgsl-8ac552c7ecb106396ab43d4d8136886f{\nheight:30px;\n}\n<\/style>\n<div  class='hr av-lyldmgsl-8ac552c7ecb106396ab43d4d8136886f hr-invisible  avia-builder-el-3  el_after_av_heading  el_before_av_textblock '><span class='hr-inner '><span class=\"hr-inner-style\"><\/span><\/span><\/div><br \/>\n<section  class='av_textblock_section av-lylddr5l-a265e77c928d049b92b8e65860397a88 '   itemscope=\"itemscope\" itemtype=\"https:\/\/schema.org\/CreativeWork\" ><div class='avia_textblock'  itemprop=\"text\" ><p><strong>The Legal Notice also applies to the following social media profile:<\/strong><\/p>\n<p>Instagram: <a href=\"https:\/\/www.instagram.com\/hotel_admiral089\/\">hotel_admiral089<\/a><\/p>\n<\/div><\/section><br \/>\n\n<style type=\"text\/css\" data-created_by=\"avia_inline_auto\" id=\"style-css-av-lyldn5kx-bc80fde01d117a6c372726b145a42653\">\n#top .hr.hr-invisible.av-lyldn5kx-bc80fde01d117a6c372726b145a42653{\nheight:50px;\n}\n<\/style>\n<div  class='hr av-lyldn5kx-bc80fde01d117a6c372726b145a42653 hr-invisible  avia-builder-el-5  el_after_av_textblock  el_before_av_textblock '><span class='hr-inner '><span class=\"hr-inner-style\"><\/span><\/span><\/div><br \/>\n<section  class='av_textblock_section av-1hzc7aw-683bb1241a3b17ce3ae340bf2b4d08eb '   itemscope=\"itemscope\" itemtype=\"https:\/\/schema.org\/CreativeWork\" ><div class='avia_textblock'  itemprop=\"text\" ><p><strong>Hotel Admiral Betrieb GmbH<\/strong><br \/>\nKohlstrasse 9<br \/>\n80469 M\u00fcnchen<br \/>\nGermany<\/p>\n<p><strong>Represented by:<\/strong> Christian Schottenhamel and Michael F. Schottenhamel<\/p>\n<h3>Contact<\/h3>\n<p>Phone: +49 89 216350<br \/>\nFax: +49 89 293674<br \/>\nE-Mail: <a href=\"mailto:info@hotel-admiral.de\">info@hotel-admiral.de<\/a><\/p>\n<h3>Register entry<\/h3>\n<p>Entry in the commercial register. Register number: HRB226302<br \/>\nRegister court: Munich<\/p>\n<h3>VAT ID<\/h3>\n<p>Sales tax identification number according to \u00a7 27 a of the Sales Tax Law: DE 306720292<\/p>\n<h3>Supervisory Authority<\/h3>\n<p>Kreisverwaltungsreferat der Landeshauptstadt M\u00fcnchen<br \/>\nHauptabteilung I, Bezirksinspektion S\u00fcd, Implerstra\u00dfe 9, D-80337 M\u00fcnchen<br \/>\n<a href=\"https:\/\/www.muenchen.de\/rathaus\/Stadtverwaltung\/Kreisverwaltungsreferat.html\" target=\"_blank\" rel=\"noopener\">https:\/\/www.muenchen.de\/rathaus\/Stadtverwaltung\/Kreisverwaltungsreferat.html<\/a><\/p>\n<h3>Professional Indemnity Insurance Information<\/h3>\n<p>Name and registered office of insurer: Haftplichtversicherung des Deutschen Hotel- und Gastst\u00e4ttengewerbes \u2013 VVaG Haftpflichtkasse Darmstadt, Arheilger Weg 5, 64380 Ro\u00dfdorf<br \/>\nArea covered by insurance: Germany<\/p>\n<h3>Responsible for content<\/h3>\n<p>Christian Schottenhamel and Michael F. Schottenhamel<\/p>\n<h3>Consumer dispute resolution\/universal arbitration board<\/h3>\n<p>We are not willing or obliged to participate in dispute resolution proceedings before a consumer arbitration board.<\/p>\n<p>Source: <a href=\"https:\/\/www.e-recht24.de\" target=\"_blank\" rel=\"noopener\">https:\/\/www.e-recht24.de<\/a><\/p>\n<\/div><\/section><br \/>\n\n<style type=\"text\/css\" data-created_by=\"avia_inline_auto\" id=\"style-css-av-1ftl7ew-a09b5820b31c176541d35325af83d0b2\">\n#top .hr.hr-invisible.av-1ftl7ew-a09b5820b31c176541d35325af83d0b2{\nheight:50px;\n}\n<\/style>\n<div  class='hr av-1ftl7ew-a09b5820b31c176541d35325af83d0b2 hr-invisible  avia-builder-el-7  el_after_av_textblock  el_before_av_textblock '><span class='hr-inner '><span class=\"hr-inner-style\"><\/span><\/span><\/div><br \/>\n<section  class='av_textblock_section av-1e6rd4o-db0b5ab3b13c1ed3b3d58290abcb90fc '   itemscope=\"itemscope\" itemtype=\"https:\/\/schema.org\/CreativeWork\" ><div class='avia_textblock'  itemprop=\"text\" ><h3>Webdesign<\/h3>\n<p>Website . Design and technical implementation: <a href=\"https:\/\/design.osmosis.de\/\" target=\"_blank\" rel=\"noopener\">design.osmosis | Diana Steib<\/a><\/p>\n<\/div><\/section><\/p><\/div><div  class='flex_column av-av_one_fourth-538dd737667e19053994a94b9156413b av_one_fourth  avia-builder-el-9  el_after_av_three_fourth  avia-builder-el-last  flex_column_div  '     ><\/div><\/div><\/div><\/main><!-- close content main element --><\/div><\/div><div id='av_section_2'  class='avia-section av-lxu0jtmh-f5fe2c2ff5c9fa76388e94fa71e6fd3f main_color avia-section-default avia-no-border-styling  avia-builder-el-10  el_after_av_section  avia-builder-el-last  avia-bg-style-scroll container_wrap fullsize'  ><div class='container av-section-cont-open' ><div class='template-page content  av-content-full alpha units'><div class='post-entry post-entry-type-page post-entry-3808'><div class='entry-content-wrapper clearfix'>\n\n<style type=\"text\/css\" data-created_by=\"avia_inline_auto\" id=\"style-css-av-1cvwc3s-81f5f20959eb9aed631d34a14cc9f462\">\n.flex_column.av-1cvwc3s-81f5f20959eb9aed631d34a14cc9f462{\nborder-radius:0px 0px 0px 0px;\npadding:0px 0px 0px 0px;\n}\n<\/style>\n<div  class='flex_column av-1cvwc3s-81f5f20959eb9aed631d34a14cc9f462 av_three_fourth  avia-builder-el-11  el_before_av_one_fourth  avia-builder-el-first  first flex_column_div av-zero-column-padding  '     ><p>\n<style type=\"text\/css\" data-created_by=\"avia_inline_auto\" id=\"style-css-av-1bhe4uw-c657dcc54e3f875c5ae25e940bd5e2ef\">\n#top .av-special-heading.av-1bhe4uw-c657dcc54e3f875c5ae25e940bd5e2ef{\npadding-bottom:50px;\n}\nbody .av-special-heading.av-1bhe4uw-c657dcc54e3f875c5ae25e940bd5e2ef .av-special-heading-tag .heading-char{\nfont-size:25px;\n}\n.av-special-heading.av-1bhe4uw-c657dcc54e3f875c5ae25e940bd5e2ef .av-subheading{\nfont-size:15px;\n}\n<\/style>\n<div  class='av-special-heading av-1bhe4uw-c657dcc54e3f875c5ae25e940bd5e2ef av-special-heading-h3 blockquote modern-quote  avia-builder-el-12  el_before_av_textblock  avia-builder-el-first  av-linked-heading'><h3 class='av-special-heading-tag '  itemprop=\"headline\"  >Photo credits<\/h3><div class=\"special-heading-border\"><div class=\"special-heading-inner-border\"><\/div><\/div><\/div><br \/>\n<section  class='av_textblock_section av-19ddic8-191d25fcc10272c563a5c295e4b61cb5 '   itemscope=\"itemscope\" itemtype=\"https:\/\/schema.org\/CreativeWork\" ><div class='avia_textblock'  itemprop=\"text\" ><p>Photos &#8216;Hotel | Superior-Zimmer&#8217; | Fr\u00fchst\u00fcck&#8217;: \u00a9 Christine Dempf \/ <a href=\"http:\/\/www.christine-dempf.de\/\" target=\"_blank\" rel=\"noopener\">www.christine-dempf.de<\/a> \/\u00a0 <a href=\"https:\/\/hotel-admiral.de\/en\/\">https:\/\/hotel-admiral.de\/*<\/a><br \/>\nFilm \u201aAerial view of Munich city centre with Isar river flowing past the Deutsches Museum at sunrise\u2019: \u00a9 Pablo \/ stock.adobe.com \/ https:\/\/hotel-admiral.de\/<br \/>\nImage \u201aPaket mit roter Schleife auf rustikalem Holz\u2019: \u00a9 Floydine \/ stock.adobe.com \/ https:\/\/hotel-admiral.de\/<br \/>\nImage \u201aHold gift certificate, doing winner gesture\u2019: \u00a9 ViDi Studio \/ stock.adobe.com \/https:\/\/hotel-admiral.de\/<br \/>\nImage \u201aMunich city, Germany. Landmark buildings skyline. Travel background\u2019: \u00a9 Terriana \/ stock.adobe.com \/ https:\/\/hotel-admiral.de\/<br \/>\nImage \u201aVektor Stadtplan von M\u00fcnchen\u2019: \u00a9 Christian Pauschert \/ stock.adobe.com \/ https:\/\/hotel-admiral.de\/<br \/>\nImage \u201aM\u00fcnchner Isar Panorama\u2019: \u00a9 Flo Reindl \/ stock.adobe.com \/ https:\/\/hotel-admiral.de\/<br \/>\nBild \u201aSimple Rustic Wooden Table in Sunny Outdoor Garden Setting with Flowers\u2019: \u00a9 Thares2020 \/ stock.adobe.com \/ https:\/\/hotel-admiral.de\/<br \/>\nImage \u201aBlick auf Geb\u00e4ude\u2018: \u00a9 Jan Antonin Kolar \/ unsplash.com \/\u00a0 https:\/\/hotel-admiral.de\/<br \/>\nImage \u201aWei\u00dfe Blumen in der Tilt Shift-Linse\u2018: \u00a9 Jason Leung \/ unsplash.com\u2018 \/ https:\/\/hotel-admiral.de\/<br \/>\nImage \u201aB\u00e4ume in der N\u00e4he des Flusses\u2018: \u00a9 Khyati Trehan \/ unsplash.com\u2018 \/ https:\/\/hotel-admiral.de\/<br \/>\nImage \u201aBraunes Betongeb\u00e4ude\u2018: \u00a9 Jan Antonin Kolar \/ unsplash.com\u2018 \/ https:\/\/hotel-admiral.de\/<br \/>\nImage \u201a Fotografie von H\u00e4usern aus der Vogelperspektive\u2018: \u00a9 Philipp Bachhuber \/ unsplash.com\u2018 \/ https:\/\/hotel-admiral.de\/<br \/>\nImage \u201aOlympiapark M\u00fcnchen\u2018: \u00a9 Tuguldur Baatar \/ unsplash.com \/\u00a0 https:\/\/hotel-admiral.de\/<br \/>\nImage \u201aBMW Welt\u2018: \u00a9 Pavel S \/ unsplash.com \/\u00a0 https:\/\/hotel-admiral.de\/<br \/>\nImage \u201aEnglischer Garten M\u00fcnchen\u2018: \u00a9 Ignacio Brosa \/ unsplash.com \/\u00a0 https:\/\/hotel-admiral.de\/<br \/>\nImage \u201aOlympiapark\u2018: \u00a9 Peri Stojnic \/ unsplash.com \/\u00a0 https:\/\/hotel-admiral.de\/<br \/>\nImage \u201a Karussell\u2018: \u00a9Peri Stojnic \/ unsplash.com \/\u00a0 https:\/\/hotel-admiral.de\/<\/p>\n<\/div><\/section><br \/>\n\n<style type=\"text\/css\" data-created_by=\"avia_inline_auto\" id=\"style-css-av-2n6f94-3f3de51158e72dc0c0d0b3234eac8994\">\n#top .hr.hr-invisible.av-2n6f94-3f3de51158e72dc0c0d0b3234eac8994{\nheight:50px;\n}\n<\/style>\n<div  class='hr av-2n6f94-3f3de51158e72dc0c0d0b3234eac8994 hr-invisible  avia-builder-el-14  el_after_av_textblock  avia-builder-el-last '><span class='hr-inner '><span class=\"hr-inner-style\"><\/span><\/span><\/div><\/p><\/div><div  class='flex_column av-av_one_fourth-538dd737667e19053994a94b9156413b av_one_fourth  avia-builder-el-15  el_after_av_three_fourth  avia-builder-el-last  flex_column_div  '     ><\/div>\n<\/p>\n","protected":false},"excerpt":{"rendered":"","protected":false},"author":1,"featured_media":0,"parent":0,"menu_order":19,"comment_status":"closed","ping_status":"closed","template":"","meta":{"footnotes":""},"class_list":["post-3808","page","type-page","status-publish","hentry"],"yoast_head":"<!-- This site is optimized with the Yoast SEO plugin v26.6 - https:\/\/yoast.com\/wordpress\/plugins\/seo\/ -->\n<title>Hotel Admiral \u00b7 Legal Notice<\/title>\n<meta name=\"robots\" content=\"index, follow, max-snippet:-1, max-image-preview:large, max-video-preview:-1\" \/>\n<link rel=\"canonical\" href=\"https:\/\/hotel-admiral.de\/en\/legal-notice\/\" \/>\n<meta property=\"og:locale\" content=\"en_US\" \/>\n<meta property=\"og:type\" content=\"article\" \/>\n<meta property=\"og:title\" content=\"Hotel Admiral \u00b7 Legal Notice\" \/>\n<meta property=\"og:url\" content=\"https:\/\/hotel-admiral.de\/en\/legal-notice\/\" \/>\n<meta property=\"og:site_name\" content=\"Hotel Admiral\" \/>\n<meta property=\"article:modified_time\" content=\"2025-12-20T17:48:13+00:00\" \/>\n<meta name=\"twitter:card\" content=\"summary_large_image\" \/>\n<meta name=\"twitter:label1\" content=\"Est. reading time\" \/>\n\t<meta name=\"twitter:data1\" content=\"3 minutes\" \/>\n<script type=\"application\/ld+json\" class=\"yoast-schema-graph\">{\"@context\":\"https:\/\/schema.org\",\"@graph\":[{\"@type\":\"WebPage\",\"@id\":\"https:\/\/hotel-admiral.de\/en\/legal-notice\/\",\"url\":\"https:\/\/hotel-admiral.de\/en\/legal-notice\/\",\"name\":\"Hotel Admiral \u00b7 Legal Notice\",\"isPartOf\":{\"@id\":\"https:\/\/hotel-admiral.de\/en\/#website\"},\"datePublished\":\"2024-06-25T06:15:45+00:00\",\"dateModified\":\"2025-12-20T17:48:13+00:00\",\"breadcrumb\":{\"@id\":\"https:\/\/hotel-admiral.de\/en\/legal-notice\/#breadcrumb\"},\"inLanguage\":\"en-US\",\"potentialAction\":[{\"@type\":\"ReadAction\",\"target\":[\"https:\/\/hotel-admiral.de\/en\/legal-notice\/\"]}]},{\"@type\":\"BreadcrumbList\",\"@id\":\"https:\/\/hotel-admiral.de\/en\/legal-notice\/#breadcrumb\",\"itemListElement\":[{\"@type\":\"ListItem\",\"position\":1,\"name\":\"Startseite\",\"item\":\"https:\/\/hotel-admiral.de\/en\/home-admiral-en\/\"},{\"@type\":\"ListItem\",\"position\":2,\"name\":\"Legal notice\"}]},{\"@type\":\"WebSite\",\"@id\":\"https:\/\/hotel-admiral.de\/en\/#website\",\"url\":\"https:\/\/hotel-admiral.de\/en\/\",\"name\":\"Hotel Admiral\",\"description\":\"Boutique Hotel \u00b7 Innenstadt M\u00fcnchen\",\"potentialAction\":[{\"@type\":\"SearchAction\",\"target\":{\"@type\":\"EntryPoint\",\"urlTemplate\":\"https:\/\/hotel-admiral.de\/en\/?s={search_term_string}\"},\"query-input\":{\"@type\":\"PropertyValueSpecification\",\"valueRequired\":true,\"valueName\":\"search_term_string\"}}],\"inLanguage\":\"en-US\"}]}<\/script>\n<!-- \/ Yoast SEO plugin. -->","yoast_head_json":{"title":"Hotel Admiral \u00b7 Legal Notice","robots":{"index":"index","follow":"follow","max-snippet":"max-snippet:-1","max-image-preview":"max-image-preview:large","max-video-preview":"max-video-preview:-1"},"canonical":"https:\/\/hotel-admiral.de\/en\/legal-notice\/","og_locale":"en_US","og_type":"article","og_title":"Hotel Admiral \u00b7 Legal Notice","og_url":"https:\/\/hotel-admiral.de\/en\/legal-notice\/","og_site_name":"Hotel Admiral","article_modified_time":"2025-12-20T17:48:13+00:00","twitter_card":"summary_large_image","twitter_misc":{"Est. reading time":"3 minutes"},"schema":{"@context":"https:\/\/schema.org","@graph":[{"@type":"WebPage","@id":"https:\/\/hotel-admiral.de\/en\/legal-notice\/","url":"https:\/\/hotel-admiral.de\/en\/legal-notice\/","name":"Hotel Admiral \u00b7 Legal Notice","isPartOf":{"@id":"https:\/\/hotel-admiral.de\/en\/#website"},"datePublished":"2024-06-25T06:15:45+00:00","dateModified":"2025-12-20T17:48:13+00:00","breadcrumb":{"@id":"https:\/\/hotel-admiral.de\/en\/legal-notice\/#breadcrumb"},"inLanguage":"en-US","potentialAction":[{"@type":"ReadAction","target":["https:\/\/hotel-admiral.de\/en\/legal-notice\/"]}]},{"@type":"BreadcrumbList","@id":"https:\/\/hotel-admiral.de\/en\/legal-notice\/#breadcrumb","itemListElement":[{"@type":"ListItem","position":1,"name":"Startseite","item":"https:\/\/hotel-admiral.de\/en\/home-admiral-en\/"},{"@type":"ListItem","position":2,"name":"Legal notice"}]},{"@type":"WebSite","@id":"https:\/\/hotel-admiral.de\/en\/#website","url":"https:\/\/hotel-admiral.de\/en\/","name":"Hotel Admiral","description":"Boutique Hotel \u00b7 Innenstadt M\u00fcnchen","potentialAction":[{"@type":"SearchAction","target":{"@type":"EntryPoint","urlTemplate":"https:\/\/hotel-admiral.de\/en\/?s={search_term_string}"},"query-input":{"@type":"PropertyValueSpecification","valueRequired":true,"valueName":"search_term_string"}}],"inLanguage":"en-US"}]}},"_links":{"self":[{"href":"https:\/\/hotel-admiral.de\/en\/wp-json\/wp\/v2\/pages\/3808","targetHints":{"allow":["GET"]}}],"collection":[{"href":"https:\/\/hotel-admiral.de\/en\/wp-json\/wp\/v2\/pages"}],"about":[{"href":"https:\/\/hotel-admiral.de\/en\/wp-json\/wp\/v2\/types\/page"}],"author":[{"embeddable":true,"href":"https:\/\/hotel-admiral.de\/en\/wp-json\/wp\/v2\/users\/1"}],"replies":[{"embeddable":true,"href":"https:\/\/hotel-admiral.de\/en\/wp-json\/wp\/v2\/comments?post=3808"}],"version-history":[{"count":1,"href":"https:\/\/hotel-admiral.de\/en\/wp-json\/wp\/v2\/pages\/3808\/revisions"}],"predecessor-version":[{"id":4157,"href":"https:\/\/hotel-admiral.de\/en\/wp-json\/wp\/v2\/pages\/3808\/revisions\/4157"}],"wp:attachment":[{"href":"https:\/\/hotel-admiral.de\/en\/wp-json\/wp\/v2\/media?parent=3808"}],"curies":[{"name":"wp","href":"https:\/\/api.w.org\/{rel}","templated":true}]}}